{"id":2607,"date":"2025-09-16T13:37:51","date_gmt":"2025-09-16T11:37:51","guid":{"rendered":"https:\/\/przestrzenodnowa.pl\/sklep\/?post_type=product&#038;p=2607"},"modified":"2025-11-27T19:14:46","modified_gmt":"2025-11-27T18:14:46","slug":"aluminiowy-drazek-teleskopowy-165cm","status":"publish","type":"product","link":"https:\/\/przestrzenodnowa.pl\/sklep\/katalog\/akcesoria\/aluminiowy-drazek-teleskopowy-165cm\/","title":{"rendered":"Aluminiowy dr\u0105\u017cek teleskopowy 165cm"},"content":{"rendered":"","protected":false},"excerpt":{"rendered":"<p>Aluminiowy dr\u0105\u017cek teleskopowy wchodzi w sk\u0142ad kompletu do pod\u0142ogi (wraz z uchwytem b\u0142yskawicznym lub przemys\u0142owym oraz odpowiadaj\u0105cych im poduszek pod\u0142ogowych).<\/p>\n<p>Dzi\u0119ki wysokiej jako\u015bci duraluminium, nasz dr\u0105\u017cek jest lekki, a jednocze\u015bnie niezwykle wytrzyma\u0142y, co gwarantuje jego d\u0142ugotrwa\u0142e u\u017cytkowanie bez obaw o uszkodzenia.\u2028 Jego maksymalna d\u0142ugo\u015b\u0107 (po roz\u0142o\u017ceniu) wynosi 1,65m. D\u0142ugo\u015b\u0107 t\u0119 mo\u017cesz regulowa\u0107, zale\u017cnie od Twoich potrzeb. <\/p>\n<p>Dr\u0105\u017cek teleskopowy mo\u017ce r\u00f3wnie\u017c stanowi\u0107 uzupe\u0142nienie zestawu do czyszczenia okien. Dzi\u0119ki niemu umyjesz okna bez konieczno\u015bci wychylania si\u0119, czy u\u017cycia drabiny.<\/p>\n<p>Dr\u0105\u017cek sprzedawany jest wraz z konusem. <\/p>\n","protected":false},"featured_media":2608,"comment_status":"closed","ping_status":"closed","template":"","meta":{"_acf_changed":false},"etheme_brands":[],"product_brand":[55],"product_cat":[44,50],"product_tag":[],"class_list":{"0":"post-2607","1":"product","2":"type-product","3":"status-publish","4":"has-post-thumbnail","6":"product_brand-raypath","7":"product_cat-akcesoria","8":"product_cat-do-podlogi","10":"first","11":"onbackorder","12":"shipping-taxable","13":"purchasable","14":"product-type-simple"},"yoast_head":"<title>Aluminiowy dr\u0105\u017cek teleskopowy 165cm | Przestrze\u0144 Od Nowa Sklep<\/title>\n<meta name=\"robots\" content=\"index, follow, max-snippet:-1, max-image-preview:large, max-video-preview:-1\" \/>\n<link rel=\"canonical\" href=\"https:\/\/przestrzenodnowa.pl\/sklep\/katalog\/akcesoria\/aluminiowy-drazek-teleskopowy-165cm\/\" \/>\n<meta property=\"og:locale\" content=\"pl_PL\" \/>\n<meta property=\"og:type\" content=\"article\" \/>\n<meta property=\"og:title\" content=\"Aluminiowy dr\u0105\u017cek teleskopowy 165cm | Przestrze\u0144 Od Nowa Sklep\" \/>\n<meta property=\"og:description\" content=\"Aluminiowy dr\u0105\u017cek teleskopowy wchodzi w sk\u0142ad kompletu do pod\u0142ogi (wraz z uchwytem b\u0142yskawicznym lub przemys\u0142owym oraz odpowiadaj\u0105cych im poduszek pod\u0142ogowych).  Dzi\u0119ki wysokiej jako\u015bci duraluminium, nasz dr\u0105\u017cek jest lekki, a jednocze\u015bnie niezwykle wytrzyma\u0142y, co gwarantuje jego d\u0142ugotrwa\u0142e u\u017cytkowanie bez obaw o uszkodzenia.\u2028 Jego maksymalna d\u0142ugo\u015b\u0107 (po roz\u0142o\u017ceniu) wynosi 1,65m. D\u0142ugo\u015b\u0107 t\u0119 mo\u017cesz regulowa\u0107, zale\u017cnie od Twoich potrzeb.   Dr\u0105\u017cek teleskopowy mo\u017ce r\u00f3wnie\u017c stanowi\u0107 uzupe\u0142nienie zestawu do czyszczenia okien. Dzi\u0119ki niemu umyjesz okna bez konieczno\u015bci wychylania si\u0119, czy u\u017cycia drabiny.  Dr\u0105\u017cek sprzedawany jest wraz z konusem.\" \/>\n<meta property=\"og:url\" content=\"https:\/\/przestrzenodnowa.pl\/sklep\/katalog\/akcesoria\/aluminiowy-drazek-teleskopowy-165cm\/\" \/>\n<meta property=\"og:site_name\" content=\"Przestrze\u0144 Od Nowa Sklep\" \/>\n<meta property=\"article:modified_time\" content=\"2025-11-27T18:14:46+00:00\" \/>\n<meta property=\"og:image\" content=\"https:\/\/przestrzenodnowa.pl\/sklep\/wp-content\/uploads\/sites\/2\/2025\/09\/172258737266ac98eca402a.jpg\" \/>\n\t<meta property=\"og:image:width\" content=\"1000\" \/>\n\t<meta property=\"og:image:height\" content=\"1000\" \/>\n\t<meta property=\"og:image:type\" content=\"image\/jpeg\" \/>\n<script type=\"application\/ld+json\" class=\"yoast-schema-graph\">{\"@context\":\"https:\\\/\\\/schema.org\",\"@graph\":[{\"@type\":\"WebPage\",\"@id\":\"https:\\\/\\\/przestrzenodnowa.pl\\\/sklep\\\/katalog\\\/akcesoria\\\/aluminiowy-drazek-teleskopowy-165cm\\\/\",\"url\":\"https:\\\/\\\/przestrzenodnowa.pl\\\/sklep\\\/katalog\\\/akcesoria\\\/aluminiowy-drazek-teleskopowy-165cm\\\/\",\"name\":\"Aluminiowy dr\u0105\u017cek teleskopowy 165cm | Przestrze\u0144 Od Nowa Sklep\",\"isPartOf\":{\"@id\":\"https:\\\/\\\/przestrzenodnowa.pl\\\/sklep\\\/#website\"},\"primaryImageOfPage\":{\"@id\":\"https:\\\/\\\/przestrzenodnowa.pl\\\/sklep\\\/katalog\\\/akcesoria\\\/aluminiowy-drazek-teleskopowy-165cm\\\/#primaryimage\"},\"image\":{\"@id\":\"https:\\\/\\\/przestrzenodnowa.pl\\\/sklep\\\/katalog\\\/akcesoria\\\/aluminiowy-drazek-teleskopowy-165cm\\\/#primaryimage\"},\"thumbnailUrl\":\"https:\\\/\\\/przestrzenodnowa.pl\\\/sklep\\\/wp-content\\\/uploads\\\/sites\\\/2\\\/2025\\\/09\\\/172258737266ac98eca402a.jpg\",\"datePublished\":\"2025-09-16T11:37:51+00:00\",\"dateModified\":\"2025-11-27T18:14:46+00:00\",\"breadcrumb\":{\"@id\":\"https:\\\/\\\/przestrzenodnowa.pl\\\/sklep\\\/katalog\\\/akcesoria\\\/aluminiowy-drazek-teleskopowy-165cm\\\/#breadcrumb\"},\"inLanguage\":\"pl-PL\",\"potentialAction\":[{\"@type\":\"ReadAction\",\"target\":[\"https:\\\/\\\/przestrzenodnowa.pl\\\/sklep\\\/katalog\\\/akcesoria\\\/aluminiowy-drazek-teleskopowy-165cm\\\/\"]}]},{\"@type\":\"ImageObject\",\"inLanguage\":\"pl-PL\",\"@id\":\"https:\\\/\\\/przestrzenodnowa.pl\\\/sklep\\\/katalog\\\/akcesoria\\\/aluminiowy-drazek-teleskopowy-165cm\\\/#primaryimage\",\"url\":\"https:\\\/\\\/przestrzenodnowa.pl\\\/sklep\\\/wp-content\\\/uploads\\\/sites\\\/2\\\/2025\\\/09\\\/172258737266ac98eca402a.jpg\",\"contentUrl\":\"https:\\\/\\\/przestrzenodnowa.pl\\\/sklep\\\/wp-content\\\/uploads\\\/sites\\\/2\\\/2025\\\/09\\\/172258737266ac98eca402a.jpg\",\"width\":1000,\"height\":1000,\"caption\":\"A close-up of the Aluminiowy dr\u0105\u017cek teleskopowy 165cm, an extendable aluminum pole with blue plastic grip and connector, ideal for cleaning tools or painting equipment.\"},{\"@type\":\"BreadcrumbList\",\"@id\":\"https:\\\/\\\/przestrzenodnowa.pl\\\/sklep\\\/katalog\\\/akcesoria\\\/aluminiowy-drazek-teleskopowy-165cm\\\/#breadcrumb\",\"itemListElement\":[{\"@type\":\"ListItem\",\"position\":1,\"name\":\"Strona g\u0142\u00f3wna\",\"item\":\"https:\\\/\\\/przestrzenodnowa.pl\\\/sklep\\\/\"},{\"@type\":\"ListItem\",\"position\":2,\"name\":\"Sklep\",\"item\":\"https:\\\/\\\/przestrzenodnowa.pl\\\/sklep\\\/katalog\\\/\"},{\"@type\":\"ListItem\",\"position\":3,\"name\":\"Aluminiowy dr\u0105\u017cek teleskopowy 165cm\"}]},{\"@type\":\"WebSite\",\"@id\":\"https:\\\/\\\/przestrzenodnowa.pl\\\/sklep\\\/#website\",\"url\":\"https:\\\/\\\/przestrzenodnowa.pl\\\/sklep\\\/\",\"name\":\"Przestrze\u0144 Od Nowa Sklep\",\"description\":\"\",\"publisher\":{\"@id\":\"https:\\\/\\\/przestrzenodnowa.pl\\\/sklep\\\/#organization\"},\"potentialAction\":[{\"@type\":\"SearchAction\",\"target\":{\"@type\":\"EntryPoint\",\"urlTemplate\":\"https:\\\/\\\/przestrzenodnowa.pl\\\/sklep\\\/?s={search_term_string}\"},\"query-input\":{\"@type\":\"PropertyValueSpecification\",\"valueRequired\":true,\"valueName\":\"search_term_string\"}}],\"inLanguage\":\"pl-PL\"},{\"@type\":\"Organization\",\"@id\":\"https:\\\/\\\/przestrzenodnowa.pl\\\/sklep\\\/#organization\",\"name\":\"Przestrze\u0144 Od Nowa Sklep\",\"url\":\"https:\\\/\\\/przestrzenodnowa.pl\\\/sklep\\\/\",\"logo\":{\"@type\":\"ImageObject\",\"inLanguage\":\"pl-PL\",\"@id\":\"https:\\\/\\\/przestrzenodnowa.pl\\\/sklep\\\/#\\\/schema\\\/logo\\\/image\\\/\",\"url\":\"https:\\\/\\\/przestrzenodnowa.pl\\\/sklep\\\/wp-content\\\/uploads\\\/sites\\\/2\\\/2025\\\/08\\\/logo-przestrzenodnowa-sklep.png\",\"contentUrl\":\"https:\\\/\\\/przestrzenodnowa.pl\\\/sklep\\\/wp-content\\\/uploads\\\/sites\\\/2\\\/2025\\\/08\\\/logo-przestrzenodnowa-sklep.png\",\"width\":703,\"height\":235,\"caption\":\"Przestrze\u0144 Od Nowa Sklep\"},\"image\":{\"@id\":\"https:\\\/\\\/przestrzenodnowa.pl\\\/sklep\\\/#\\\/schema\\\/logo\\\/image\\\/\"}}]}<\/script>","yoast_head_json":{"title":"Aluminiowy dr\u0105\u017cek teleskopowy 165cm | Przestrze\u0144 Od Nowa Sklep","robots":{"index":"index","follow":"follow","max-snippet":"max-snippet:-1","max-image-preview":"max-image-preview:large","max-video-preview":"max-video-preview:-1"},"canonical":"https:\/\/przestrzenodnowa.pl\/sklep\/katalog\/akcesoria\/aluminiowy-drazek-teleskopowy-165cm\/","og_locale":"pl_PL","og_type":"article","og_title":"Aluminiowy dr\u0105\u017cek teleskopowy 165cm | Przestrze\u0144 Od Nowa Sklep","og_description":"Aluminiowy dr\u0105\u017cek teleskopowy wchodzi w sk\u0142ad kompletu do pod\u0142ogi (wraz z uchwytem b\u0142yskawicznym lub przemys\u0142owym oraz odpowiadaj\u0105cych im poduszek pod\u0142ogowych).  Dzi\u0119ki wysokiej jako\u015bci duraluminium, nasz dr\u0105\u017cek jest lekki, a jednocze\u015bnie niezwykle wytrzyma\u0142y, co gwarantuje jego d\u0142ugotrwa\u0142e u\u017cytkowanie bez obaw o uszkodzenia.\u2028 Jego maksymalna d\u0142ugo\u015b\u0107 (po roz\u0142o\u017ceniu) wynosi 1,65m. D\u0142ugo\u015b\u0107 t\u0119 mo\u017cesz regulowa\u0107, zale\u017cnie od Twoich potrzeb.   Dr\u0105\u017cek teleskopowy mo\u017ce r\u00f3wnie\u017c stanowi\u0107 uzupe\u0142nienie zestawu do czyszczenia okien. Dzi\u0119ki niemu umyjesz okna bez konieczno\u015bci wychylania si\u0119, czy u\u017cycia drabiny.  Dr\u0105\u017cek sprzedawany jest wraz z konusem.","og_url":"https:\/\/przestrzenodnowa.pl\/sklep\/katalog\/akcesoria\/aluminiowy-drazek-teleskopowy-165cm\/","og_site_name":"Przestrze\u0144 Od Nowa Sklep","article_modified_time":"2025-11-27T18:14:46+00:00","og_image":[{"width":1000,"height":1000,"url":"https:\/\/przestrzenodnowa.pl\/sklep\/wp-content\/uploads\/sites\/2\/2025\/09\/172258737266ac98eca402a.jpg","type":"image\/jpeg"}],"schema":{"@context":"https:\/\/schema.org","@graph":[{"@type":"WebPage","@id":"https:\/\/przestrzenodnowa.pl\/sklep\/katalog\/akcesoria\/aluminiowy-drazek-teleskopowy-165cm\/","url":"https:\/\/przestrzenodnowa.pl\/sklep\/katalog\/akcesoria\/aluminiowy-drazek-teleskopowy-165cm\/","name":"Aluminiowy dr\u0105\u017cek teleskopowy 165cm | Przestrze\u0144 Od Nowa Sklep","isPartOf":{"@id":"https:\/\/przestrzenodnowa.pl\/sklep\/#website"},"primaryImageOfPage":{"@id":"https:\/\/przestrzenodnowa.pl\/sklep\/katalog\/akcesoria\/aluminiowy-drazek-teleskopowy-165cm\/#primaryimage"},"image":{"@id":"https:\/\/przestrzenodnowa.pl\/sklep\/katalog\/akcesoria\/aluminiowy-drazek-teleskopowy-165cm\/#primaryimage"},"thumbnailUrl":"https:\/\/przestrzenodnowa.pl\/sklep\/wp-content\/uploads\/sites\/2\/2025\/09\/172258737266ac98eca402a.jpg","datePublished":"2025-09-16T11:37:51+00:00","dateModified":"2025-11-27T18:14:46+00:00","breadcrumb":{"@id":"https:\/\/przestrzenodnowa.pl\/sklep\/katalog\/akcesoria\/aluminiowy-drazek-teleskopowy-165cm\/#breadcrumb"},"inLanguage":"pl-PL","potentialAction":[{"@type":"ReadAction","target":["https:\/\/przestrzenodnowa.pl\/sklep\/katalog\/akcesoria\/aluminiowy-drazek-teleskopowy-165cm\/"]}]},{"@type":"ImageObject","inLanguage":"pl-PL","@id":"https:\/\/przestrzenodnowa.pl\/sklep\/katalog\/akcesoria\/aluminiowy-drazek-teleskopowy-165cm\/#primaryimage","url":"https:\/\/przestrzenodnowa.pl\/sklep\/wp-content\/uploads\/sites\/2\/2025\/09\/172258737266ac98eca402a.jpg","contentUrl":"https:\/\/przestrzenodnowa.pl\/sklep\/wp-content\/uploads\/sites\/2\/2025\/09\/172258737266ac98eca402a.jpg","width":1000,"height":1000,"caption":"A close-up of the Aluminiowy dr\u0105\u017cek teleskopowy 165cm, an extendable aluminum pole with blue plastic grip and connector, ideal for cleaning tools or painting equipment."},{"@type":"BreadcrumbList","@id":"https:\/\/przestrzenodnowa.pl\/sklep\/katalog\/akcesoria\/aluminiowy-drazek-teleskopowy-165cm\/#breadcrumb","itemListElement":[{"@type":"ListItem","position":1,"name":"Strona g\u0142\u00f3wna","item":"https:\/\/przestrzenodnowa.pl\/sklep\/"},{"@type":"ListItem","position":2,"name":"Sklep","item":"https:\/\/przestrzenodnowa.pl\/sklep\/katalog\/"},{"@type":"ListItem","position":3,"name":"Aluminiowy dr\u0105\u017cek teleskopowy 165cm"}]},{"@type":"WebSite","@id":"https:\/\/przestrzenodnowa.pl\/sklep\/#website","url":"https:\/\/przestrzenodnowa.pl\/sklep\/","name":"Przestrze\u0144 Od Nowa Sklep","description":"","publisher":{"@id":"https:\/\/przestrzenodnowa.pl\/sklep\/#organization"},"potentialAction":[{"@type":"SearchAction","target":{"@type":"EntryPoint","urlTemplate":"https:\/\/przestrzenodnowa.pl\/sklep\/?s={search_term_string}"},"query-input":{"@type":"PropertyValueSpecification","valueRequired":true,"valueName":"search_term_string"}}],"inLanguage":"pl-PL"},{"@type":"Organization","@id":"https:\/\/przestrzenodnowa.pl\/sklep\/#organization","name":"Przestrze\u0144 Od Nowa Sklep","url":"https:\/\/przestrzenodnowa.pl\/sklep\/","logo":{"@type":"ImageObject","inLanguage":"pl-PL","@id":"https:\/\/przestrzenodnowa.pl\/sklep\/#\/schema\/logo\/image\/","url":"https:\/\/przestrzenodnowa.pl\/sklep\/wp-content\/uploads\/sites\/2\/2025\/08\/logo-przestrzenodnowa-sklep.png","contentUrl":"https:\/\/przestrzenodnowa.pl\/sklep\/wp-content\/uploads\/sites\/2\/2025\/08\/logo-przestrzenodnowa-sklep.png","width":703,"height":235,"caption":"Przestrze\u0144 Od Nowa Sklep"},"image":{"@id":"https:\/\/przestrzenodnowa.pl\/sklep\/#\/schema\/logo\/image\/"}}]}},"acf":[],"_links":{"self":[{"href":"https:\/\/przestrzenodnowa.pl\/sklep\/wp-json\/wp\/v2\/product\/2607","targetHints":{"allow":["GET"]}}],"collection":[{"href":"https:\/\/przestrzenodnowa.pl\/sklep\/wp-json\/wp\/v2\/product"}],"about":[{"href":"https:\/\/przestrzenodnowa.pl\/sklep\/wp-json\/wp\/v2\/types\/product"}],"replies":[{"embeddable":true,"href":"https:\/\/przestrzenodnowa.pl\/sklep\/wp-json\/wp\/v2\/comments?post=2607"}],"version-history":[{"count":4,"href":"https:\/\/przestrzenodnowa.pl\/sklep\/wp-json\/wp\/v2\/product\/2607\/revisions"}],"predecessor-version":[{"id":2888,"href":"https:\/\/przestrzenodnowa.pl\/sklep\/wp-json\/wp\/v2\/product\/2607\/revisions\/2888"}],"wp:featuredmedia":[{"embeddable":true,"href":"https:\/\/przestrzenodnowa.pl\/sklep\/wp-json\/wp\/v2\/media\/2608"}],"wp:attachment":[{"href":"https:\/\/przestrzenodnowa.pl\/sklep\/wp-json\/wp\/v2\/media?parent=2607"}],"wp:term":[{"taxonomy":"brand","embeddable":true,"href":"https:\/\/przestrzenodnowa.pl\/sklep\/wp-json\/wp\/v2\/etheme_brands?post=2607"},{"taxonomy":"product_brand","embeddable":true,"href":"https:\/\/przestrzenodnowa.pl\/sklep\/wp-json\/wp\/v2\/product_brand?post=2607"},{"taxonomy":"product_cat","embeddable":true,"href":"https:\/\/przestrzenodnowa.pl\/sklep\/wp-json\/wp\/v2\/product_cat?post=2607"},{"taxonomy":"product_tag","embeddable":true,"href":"https:\/\/przestrzenodnowa.pl\/sklep\/wp-json\/wp\/v2\/product_tag?post=2607"}],"curies":[{"name":"wp","href":"https:\/\/api.w.org\/{rel}","templated":true}]}}