{"id":1914,"date":"2025-08-26T13:09:13","date_gmt":"2025-08-26T11:09:13","guid":{"rendered":"https:\/\/przestrzenodnowa.pl\/sklep\/katalog\/bez-kategorii\/house-cleaning-set-zestaw-promocyjny\/"},"modified":"2026-03-30T10:56:47","modified_gmt":"2026-03-30T08:56:47","slug":"house-cleaning-set-zestaw-promocyjny","status":"publish","type":"product","link":"https:\/\/przestrzenodnowa.pl\/sklep\/katalog\/do-okien-zestawy\/house-cleaning-set-zestaw-promocyjny\/","title":{"rendered":"House Cleaning Set &#8211; Zestaw Promocyjny"},"content":{"rendered":"","protected":false},"excerpt":{"rendered":"<p>Cena zawiera rabat, warto\u015b\u0107 pojedy\u0144czych produkt\u00f3w 3260,00 PLN<br \/>\nHouse Cleaning Set<br \/>\nto idealne rozwi\u0105zanie dla wszystkich, kt\u00f3rzy pragn\u0105 utrzyma\u0107 swoje mieszkanie czy dom w nieskazitelnej czysto\u015bci, bez konieczno\u015bci stosowania agresywnych \u015brodk\u00f3w chemicznych.<\/p>\n","protected":false},"featured_media":1915,"comment_status":"closed","ping_status":"closed","template":"","meta":{"_acf_changed":false},"etheme_brands":[],"product_brand":[55],"product_cat":[62,63,60,61,39],"product_tag":[],"class_list":{"0":"post-1914","1":"product","2":"type-product","3":"status-publish","4":"has-post-thumbnail","6":"product_brand-raypath","7":"product_cat-do-kuchni","8":"product_cat-do-lazienki","9":"product_cat-do-okien-zestawy","10":"product_cat-do-podlog","11":"product_cat-zestawy","13":"first","14":"instock","15":"purchasable","16":"product-type-simple"},"yoast_head":"<title>House Cleaning Set - Zestaw Promocyjny | Przestrze\u0144 Od Nowa Sklep<\/title>\n<meta name=\"robots\" content=\"index, follow, max-snippet:-1, max-image-preview:large, max-video-preview:-1\" \/>\n<link rel=\"canonical\" href=\"https:\/\/przestrzenodnowa.pl\/sklep\/katalog\/do-okien-zestawy\/house-cleaning-set-zestaw-promocyjny\/\" \/>\n<meta property=\"og:locale\" content=\"pl_PL\" \/>\n<meta property=\"og:type\" content=\"article\" \/>\n<meta property=\"og:title\" content=\"House Cleaning Set - Zestaw Promocyjny | Przestrze\u0144 Od Nowa Sklep\" \/>\n<meta property=\"og:description\" content=\"Cena zawiera rabat, warto\u015b\u0107 pojedy\u0144czych produkt\u00f3w 3260,00 PLN House Cleaning Set to idealne rozwi\u0105zanie dla wszystkich, kt\u00f3rzy pragn\u0105 utrzyma\u0107 swoje mieszkanie czy dom w nieskazitelnej czysto\u015bci, bez konieczno\u015bci stosowania agresywnych \u015brodk\u00f3w chemicznych.\" \/>\n<meta property=\"og:url\" content=\"https:\/\/przestrzenodnowa.pl\/sklep\/katalog\/do-okien-zestawy\/house-cleaning-set-zestaw-promocyjny\/\" \/>\n<meta property=\"og:site_name\" content=\"Przestrze\u0144 Od Nowa Sklep\" \/>\n<meta property=\"article:modified_time\" content=\"2026-03-30T08:56:47+00:00\" \/>\n<meta property=\"og:image\" content=\"https:\/\/przestrzenodnowa.pl\/sklep\/wp-content\/uploads\/sites\/2\/2025\/08\/1721380584669a2ee85e6d0.jpg\" \/>\n\t<meta property=\"og:image:width\" content=\"1000\" \/>\n\t<meta property=\"og:image:height\" content=\"1000\" \/>\n\t<meta property=\"og:image:type\" content=\"image\/jpeg\" \/>\n<script type=\"application\/ld+json\" class=\"yoast-schema-graph\">{\"@context\":\"https:\\\/\\\/schema.org\",\"@graph\":[{\"@type\":\"WebPage\",\"@id\":\"https:\\\/\\\/przestrzenodnowa.pl\\\/sklep\\\/katalog\\\/do-okien-zestawy\\\/house-cleaning-set-zestaw-promocyjny\\\/\",\"url\":\"https:\\\/\\\/przestrzenodnowa.pl\\\/sklep\\\/katalog\\\/do-okien-zestawy\\\/house-cleaning-set-zestaw-promocyjny\\\/\",\"name\":\"House Cleaning Set - Zestaw Promocyjny | Przestrze\u0144 Od Nowa Sklep\",\"isPartOf\":{\"@id\":\"https:\\\/\\\/przestrzenodnowa.pl\\\/sklep\\\/#website\"},\"primaryImageOfPage\":{\"@id\":\"https:\\\/\\\/przestrzenodnowa.pl\\\/sklep\\\/katalog\\\/do-okien-zestawy\\\/house-cleaning-set-zestaw-promocyjny\\\/#primaryimage\"},\"image\":{\"@id\":\"https:\\\/\\\/przestrzenodnowa.pl\\\/sklep\\\/katalog\\\/do-okien-zestawy\\\/house-cleaning-set-zestaw-promocyjny\\\/#primaryimage\"},\"thumbnailUrl\":\"https:\\\/\\\/przestrzenodnowa.pl\\\/sklep\\\/wp-content\\\/uploads\\\/sites\\\/2\\\/2025\\\/08\\\/1721380584669a2ee85e6d0.jpg\",\"datePublished\":\"2025-08-26T11:09:13+00:00\",\"dateModified\":\"2026-03-30T08:56:47+00:00\",\"breadcrumb\":{\"@id\":\"https:\\\/\\\/przestrzenodnowa.pl\\\/sklep\\\/katalog\\\/do-okien-zestawy\\\/house-cleaning-set-zestaw-promocyjny\\\/#breadcrumb\"},\"inLanguage\":\"pl-PL\",\"potentialAction\":[{\"@type\":\"ReadAction\",\"target\":[\"https:\\\/\\\/przestrzenodnowa.pl\\\/sklep\\\/katalog\\\/do-okien-zestawy\\\/house-cleaning-set-zestaw-promocyjny\\\/\"]}]},{\"@type\":\"ImageObject\",\"inLanguage\":\"pl-PL\",\"@id\":\"https:\\\/\\\/przestrzenodnowa.pl\\\/sklep\\\/katalog\\\/do-okien-zestawy\\\/house-cleaning-set-zestaw-promocyjny\\\/#primaryimage\",\"url\":\"https:\\\/\\\/przestrzenodnowa.pl\\\/sklep\\\/wp-content\\\/uploads\\\/sites\\\/2\\\/2025\\\/08\\\/1721380584669a2ee85e6d0.jpg\",\"contentUrl\":\"https:\\\/\\\/przestrzenodnowa.pl\\\/sklep\\\/wp-content\\\/uploads\\\/sites\\\/2\\\/2025\\\/08\\\/1721380584669a2ee85e6d0.jpg\",\"width\":1000,\"height\":1000,\"caption\":\"Rectangular white box labeled \\\"House Cleaning Set - Zestaw Promocyjny,\\\" featuring a modern house image on the right and green text below. The packaging is sleek and minimalistic.\"},{\"@type\":\"BreadcrumbList\",\"@id\":\"https:\\\/\\\/przestrzenodnowa.pl\\\/sklep\\\/katalog\\\/do-okien-zestawy\\\/house-cleaning-set-zestaw-promocyjny\\\/#breadcrumb\",\"itemListElement\":[{\"@type\":\"ListItem\",\"position\":1,\"name\":\"Strona g\u0142\u00f3wna\",\"item\":\"https:\\\/\\\/przestrzenodnowa.pl\\\/sklep\\\/\"},{\"@type\":\"ListItem\",\"position\":2,\"name\":\"Sklep\",\"item\":\"https:\\\/\\\/przestrzenodnowa.pl\\\/sklep\\\/katalog\\\/\"},{\"@type\":\"ListItem\",\"position\":3,\"name\":\"House Cleaning Set &#8211; Zestaw Promocyjny\"}]},{\"@type\":\"WebSite\",\"@id\":\"https:\\\/\\\/przestrzenodnowa.pl\\\/sklep\\\/#website\",\"url\":\"https:\\\/\\\/przestrzenodnowa.pl\\\/sklep\\\/\",\"name\":\"Przestrze\u0144 Od Nowa Sklep\",\"description\":\"\",\"publisher\":{\"@id\":\"https:\\\/\\\/przestrzenodnowa.pl\\\/sklep\\\/#organization\"},\"potentialAction\":[{\"@type\":\"SearchAction\",\"target\":{\"@type\":\"EntryPoint\",\"urlTemplate\":\"https:\\\/\\\/przestrzenodnowa.pl\\\/sklep\\\/?s={search_term_string}\"},\"query-input\":{\"@type\":\"PropertyValueSpecification\",\"valueRequired\":true,\"valueName\":\"search_term_string\"}}],\"inLanguage\":\"pl-PL\"},{\"@type\":\"Organization\",\"@id\":\"https:\\\/\\\/przestrzenodnowa.pl\\\/sklep\\\/#organization\",\"name\":\"Przestrze\u0144 Od Nowa Sklep\",\"url\":\"https:\\\/\\\/przestrzenodnowa.pl\\\/sklep\\\/\",\"logo\":{\"@type\":\"ImageObject\",\"inLanguage\":\"pl-PL\",\"@id\":\"https:\\\/\\\/przestrzenodnowa.pl\\\/sklep\\\/#\\\/schema\\\/logo\\\/image\\\/\",\"url\":\"https:\\\/\\\/przestrzenodnowa.pl\\\/sklep\\\/wp-content\\\/uploads\\\/sites\\\/2\\\/2025\\\/08\\\/logo-przestrzenodnowa-sklep.png\",\"contentUrl\":\"https:\\\/\\\/przestrzenodnowa.pl\\\/sklep\\\/wp-content\\\/uploads\\\/sites\\\/2\\\/2025\\\/08\\\/logo-przestrzenodnowa-sklep.png\",\"width\":703,\"height\":235,\"caption\":\"Przestrze\u0144 Od Nowa Sklep\"},\"image\":{\"@id\":\"https:\\\/\\\/przestrzenodnowa.pl\\\/sklep\\\/#\\\/schema\\\/logo\\\/image\\\/\"}}]}<\/script>","yoast_head_json":{"title":"House Cleaning Set - Zestaw Promocyjny | Przestrze\u0144 Od Nowa Sklep","robots":{"index":"index","follow":"follow","max-snippet":"max-snippet:-1","max-image-preview":"max-image-preview:large","max-video-preview":"max-video-preview:-1"},"canonical":"https:\/\/przestrzenodnowa.pl\/sklep\/katalog\/do-okien-zestawy\/house-cleaning-set-zestaw-promocyjny\/","og_locale":"pl_PL","og_type":"article","og_title":"House Cleaning Set - Zestaw Promocyjny | Przestrze\u0144 Od Nowa Sklep","og_description":"Cena zawiera rabat, warto\u015b\u0107 pojedy\u0144czych produkt\u00f3w 3260,00 PLN House Cleaning Set to idealne rozwi\u0105zanie dla wszystkich, kt\u00f3rzy pragn\u0105 utrzyma\u0107 swoje mieszkanie czy dom w nieskazitelnej czysto\u015bci, bez konieczno\u015bci stosowania agresywnych \u015brodk\u00f3w chemicznych.","og_url":"https:\/\/przestrzenodnowa.pl\/sklep\/katalog\/do-okien-zestawy\/house-cleaning-set-zestaw-promocyjny\/","og_site_name":"Przestrze\u0144 Od Nowa Sklep","article_modified_time":"2026-03-30T08:56:47+00:00","og_image":[{"width":1000,"height":1000,"url":"https:\/\/przestrzenodnowa.pl\/sklep\/wp-content\/uploads\/sites\/2\/2025\/08\/1721380584669a2ee85e6d0.jpg","type":"image\/jpeg"}],"schema":{"@context":"https:\/\/schema.org","@graph":[{"@type":"WebPage","@id":"https:\/\/przestrzenodnowa.pl\/sklep\/katalog\/do-okien-zestawy\/house-cleaning-set-zestaw-promocyjny\/","url":"https:\/\/przestrzenodnowa.pl\/sklep\/katalog\/do-okien-zestawy\/house-cleaning-set-zestaw-promocyjny\/","name":"House Cleaning Set - Zestaw Promocyjny | Przestrze\u0144 Od Nowa Sklep","isPartOf":{"@id":"https:\/\/przestrzenodnowa.pl\/sklep\/#website"},"primaryImageOfPage":{"@id":"https:\/\/przestrzenodnowa.pl\/sklep\/katalog\/do-okien-zestawy\/house-cleaning-set-zestaw-promocyjny\/#primaryimage"},"image":{"@id":"https:\/\/przestrzenodnowa.pl\/sklep\/katalog\/do-okien-zestawy\/house-cleaning-set-zestaw-promocyjny\/#primaryimage"},"thumbnailUrl":"https:\/\/przestrzenodnowa.pl\/sklep\/wp-content\/uploads\/sites\/2\/2025\/08\/1721380584669a2ee85e6d0.jpg","datePublished":"2025-08-26T11:09:13+00:00","dateModified":"2026-03-30T08:56:47+00:00","breadcrumb":{"@id":"https:\/\/przestrzenodnowa.pl\/sklep\/katalog\/do-okien-zestawy\/house-cleaning-set-zestaw-promocyjny\/#breadcrumb"},"inLanguage":"pl-PL","potentialAction":[{"@type":"ReadAction","target":["https:\/\/przestrzenodnowa.pl\/sklep\/katalog\/do-okien-zestawy\/house-cleaning-set-zestaw-promocyjny\/"]}]},{"@type":"ImageObject","inLanguage":"pl-PL","@id":"https:\/\/przestrzenodnowa.pl\/sklep\/katalog\/do-okien-zestawy\/house-cleaning-set-zestaw-promocyjny\/#primaryimage","url":"https:\/\/przestrzenodnowa.pl\/sklep\/wp-content\/uploads\/sites\/2\/2025\/08\/1721380584669a2ee85e6d0.jpg","contentUrl":"https:\/\/przestrzenodnowa.pl\/sklep\/wp-content\/uploads\/sites\/2\/2025\/08\/1721380584669a2ee85e6d0.jpg","width":1000,"height":1000,"caption":"Rectangular white box labeled \"House Cleaning Set - Zestaw Promocyjny,\" featuring a modern house image on the right and green text below. The packaging is sleek and minimalistic."},{"@type":"BreadcrumbList","@id":"https:\/\/przestrzenodnowa.pl\/sklep\/katalog\/do-okien-zestawy\/house-cleaning-set-zestaw-promocyjny\/#breadcrumb","itemListElement":[{"@type":"ListItem","position":1,"name":"Strona g\u0142\u00f3wna","item":"https:\/\/przestrzenodnowa.pl\/sklep\/"},{"@type":"ListItem","position":2,"name":"Sklep","item":"https:\/\/przestrzenodnowa.pl\/sklep\/katalog\/"},{"@type":"ListItem","position":3,"name":"House Cleaning Set &#8211; Zestaw Promocyjny"}]},{"@type":"WebSite","@id":"https:\/\/przestrzenodnowa.pl\/sklep\/#website","url":"https:\/\/przestrzenodnowa.pl\/sklep\/","name":"Przestrze\u0144 Od Nowa Sklep","description":"","publisher":{"@id":"https:\/\/przestrzenodnowa.pl\/sklep\/#organization"},"potentialAction":[{"@type":"SearchAction","target":{"@type":"EntryPoint","urlTemplate":"https:\/\/przestrzenodnowa.pl\/sklep\/?s={search_term_string}"},"query-input":{"@type":"PropertyValueSpecification","valueRequired":true,"valueName":"search_term_string"}}],"inLanguage":"pl-PL"},{"@type":"Organization","@id":"https:\/\/przestrzenodnowa.pl\/sklep\/#organization","name":"Przestrze\u0144 Od Nowa Sklep","url":"https:\/\/przestrzenodnowa.pl\/sklep\/","logo":{"@type":"ImageObject","inLanguage":"pl-PL","@id":"https:\/\/przestrzenodnowa.pl\/sklep\/#\/schema\/logo\/image\/","url":"https:\/\/przestrzenodnowa.pl\/sklep\/wp-content\/uploads\/sites\/2\/2025\/08\/logo-przestrzenodnowa-sklep.png","contentUrl":"https:\/\/przestrzenodnowa.pl\/sklep\/wp-content\/uploads\/sites\/2\/2025\/08\/logo-przestrzenodnowa-sklep.png","width":703,"height":235,"caption":"Przestrze\u0144 Od Nowa Sklep"},"image":{"@id":"https:\/\/przestrzenodnowa.pl\/sklep\/#\/schema\/logo\/image\/"}}]}},"acf":[],"_links":{"self":[{"href":"https:\/\/przestrzenodnowa.pl\/sklep\/wp-json\/wp\/v2\/product\/1914","targetHints":{"allow":["GET"]}}],"collection":[{"href":"https:\/\/przestrzenodnowa.pl\/sklep\/wp-json\/wp\/v2\/product"}],"about":[{"href":"https:\/\/przestrzenodnowa.pl\/sklep\/wp-json\/wp\/v2\/types\/product"}],"replies":[{"embeddable":true,"href":"https:\/\/przestrzenodnowa.pl\/sklep\/wp-json\/wp\/v2\/comments?post=1914"}],"version-history":[{"count":2,"href":"https:\/\/przestrzenodnowa.pl\/sklep\/wp-json\/wp\/v2\/product\/1914\/revisions"}],"predecessor-version":[{"id":2358,"href":"https:\/\/przestrzenodnowa.pl\/sklep\/wp-json\/wp\/v2\/product\/1914\/revisions\/2358"}],"wp:featuredmedia":[{"embeddable":true,"href":"https:\/\/przestrzenodnowa.pl\/sklep\/wp-json\/wp\/v2\/media\/1915"}],"wp:attachment":[{"href":"https:\/\/przestrzenodnowa.pl\/sklep\/wp-json\/wp\/v2\/media?parent=1914"}],"wp:term":[{"taxonomy":"brand","embeddable":true,"href":"https:\/\/przestrzenodnowa.pl\/sklep\/wp-json\/wp\/v2\/etheme_brands?post=1914"},{"taxonomy":"product_brand","embeddable":true,"href":"https:\/\/przestrzenodnowa.pl\/sklep\/wp-json\/wp\/v2\/product_brand?post=1914"},{"taxonomy":"product_cat","embeddable":true,"href":"https:\/\/przestrzenodnowa.pl\/sklep\/wp-json\/wp\/v2\/product_cat?post=1914"},{"taxonomy":"product_tag","embeddable":true,"href":"https:\/\/przestrzenodnowa.pl\/sklep\/wp-json\/wp\/v2\/product_tag?post=1914"}],"curies":[{"name":"wp","href":"https:\/\/api.w.org\/{rel}","templated":true}]}}