{"id":1798,"date":"2025-08-26T13:08:38","date_gmt":"2025-08-26T11:08:38","guid":{"rendered":"https:\/\/przestrzenodnowa.pl\/sklep\/katalog\/bez-kategorii\/poduszka-przemyslowa-rozowa\/"},"modified":"2025-11-25T11:16:34","modified_gmt":"2025-11-25T10:16:34","slug":"poduszka-przemyslowa-rozowa","status":"publish","type":"product","link":"https:\/\/przestrzenodnowa.pl\/sklep\/katalog\/do-podlogi\/poduszka-przemyslowa-rozowa\/","title":{"rendered":"Poduszka Przemys\u0142owa R\u00f3\u017cowa"},"content":{"rendered":"","protected":false},"excerpt":{"rendered":"<p>Poduszka Przemys\u0142owa R\u00f3\u017cowa przeznaczona jest do czyszczenia na sucho.<\/p>\n","protected":false},"featured_media":1799,"comment_status":"closed","ping_status":"closed","template":"","meta":{"_acf_changed":false},"etheme_brands":[],"product_brand":[55],"product_cat":[50,43],"product_tag":[],"class_list":{"0":"post-1798","1":"product","2":"type-product","3":"status-publish","4":"has-post-thumbnail","6":"product_brand-raypath","7":"product_cat-do-podlogi","8":"product_cat-rekawice-i-czysciki","10":"first","11":"instock","12":"purchasable","13":"product-type-simple"},"yoast_head":"<title>Poduszka Przemys\u0142owa R\u00f3\u017cowa | Przestrze\u0144 Od Nowa Sklep<\/title>\n<meta name=\"robots\" content=\"index, follow, max-snippet:-1, max-image-preview:large, max-video-preview:-1\" \/>\n<link rel=\"canonical\" href=\"https:\/\/przestrzenodnowa.pl\/sklep\/katalog\/rekawice-i-czysciki\/poduszka-przemyslowa-rozowa\/\" \/>\n<meta property=\"og:locale\" content=\"pl_PL\" \/>\n<meta property=\"og:type\" content=\"article\" \/>\n<meta property=\"og:title\" content=\"Poduszka Przemys\u0142owa R\u00f3\u017cowa | Przestrze\u0144 Od Nowa Sklep\" \/>\n<meta property=\"og:description\" content=\"Poduszka Przemys\u0142owa R\u00f3\u017cowa przeznaczona jest do czyszczenia na sucho.\" \/>\n<meta property=\"og:url\" content=\"https:\/\/przestrzenodnowa.pl\/sklep\/katalog\/rekawice-i-czysciki\/poduszka-przemyslowa-rozowa\/\" \/>\n<meta property=\"og:site_name\" content=\"Przestrze\u0144 Od Nowa Sklep\" \/>\n<meta property=\"article:modified_time\" content=\"2025-11-25T10:16:34+00:00\" \/>\n<meta property=\"og:image\" content=\"https:\/\/przestrzenodnowa.pl\/sklep\/wp-content\/uploads\/sites\/2\/2025\/08\/172008620466866ebc7cc5e.jpg\" \/>\n\t<meta property=\"og:image:width\" content=\"1000\" \/>\n\t<meta property=\"og:image:height\" content=\"1000\" \/>\n\t<meta property=\"og:image:type\" content=\"image\/jpeg\" \/>\n<script type=\"application\/ld+json\" class=\"yoast-schema-graph\">{\"@context\":\"https:\\\/\\\/schema.org\",\"@graph\":[{\"@type\":\"WebPage\",\"@id\":\"https:\\\/\\\/przestrzenodnowa.pl\\\/sklep\\\/katalog\\\/rekawice-i-czysciki\\\/poduszka-przemyslowa-rozowa\\\/\",\"url\":\"https:\\\/\\\/przestrzenodnowa.pl\\\/sklep\\\/katalog\\\/rekawice-i-czysciki\\\/poduszka-przemyslowa-rozowa\\\/\",\"name\":\"Poduszka Przemys\u0142owa R\u00f3\u017cowa | Przestrze\u0144 Od Nowa Sklep\",\"isPartOf\":{\"@id\":\"https:\\\/\\\/przestrzenodnowa.pl\\\/sklep\\\/#website\"},\"primaryImageOfPage\":{\"@id\":\"https:\\\/\\\/przestrzenodnowa.pl\\\/sklep\\\/katalog\\\/rekawice-i-czysciki\\\/poduszka-przemyslowa-rozowa\\\/#primaryimage\"},\"image\":{\"@id\":\"https:\\\/\\\/przestrzenodnowa.pl\\\/sklep\\\/katalog\\\/rekawice-i-czysciki\\\/poduszka-przemyslowa-rozowa\\\/#primaryimage\"},\"thumbnailUrl\":\"https:\\\/\\\/przestrzenodnowa.pl\\\/sklep\\\/wp-content\\\/uploads\\\/sites\\\/2\\\/2025\\\/08\\\/172008620466866ebc7cc5e.jpg\",\"datePublished\":\"2025-08-26T11:08:38+00:00\",\"dateModified\":\"2025-11-25T10:16:34+00:00\",\"breadcrumb\":{\"@id\":\"https:\\\/\\\/przestrzenodnowa.pl\\\/sklep\\\/katalog\\\/rekawice-i-czysciki\\\/poduszka-przemyslowa-rozowa\\\/#breadcrumb\"},\"inLanguage\":\"pl-PL\",\"potentialAction\":[{\"@type\":\"ReadAction\",\"target\":[\"https:\\\/\\\/przestrzenodnowa.pl\\\/sklep\\\/katalog\\\/rekawice-i-czysciki\\\/poduszka-przemyslowa-rozowa\\\/\"]}]},{\"@type\":\"ImageObject\",\"inLanguage\":\"pl-PL\",\"@id\":\"https:\\\/\\\/przestrzenodnowa.pl\\\/sklep\\\/katalog\\\/rekawice-i-czysciki\\\/poduszka-przemyslowa-rozowa\\\/#primaryimage\",\"url\":\"https:\\\/\\\/przestrzenodnowa.pl\\\/sklep\\\/wp-content\\\/uploads\\\/sites\\\/2\\\/2025\\\/08\\\/172008620466866ebc7cc5e.jpg\",\"contentUrl\":\"https:\\\/\\\/przestrzenodnowa.pl\\\/sklep\\\/wp-content\\\/uploads\\\/sites\\\/2\\\/2025\\\/08\\\/172008620466866ebc7cc5e.jpg\",\"width\":1000,\"height\":1000,\"caption\":\"A rectangular, fluffy pink Poduszka Przemys\u0142owa R\u00f3\u017cowa with a soft, fuzzy texture and raised edges is shown on a white background.\"},{\"@type\":\"BreadcrumbList\",\"@id\":\"https:\\\/\\\/przestrzenodnowa.pl\\\/sklep\\\/katalog\\\/rekawice-i-czysciki\\\/poduszka-przemyslowa-rozowa\\\/#breadcrumb\",\"itemListElement\":[{\"@type\":\"ListItem\",\"position\":1,\"name\":\"Strona g\u0142\u00f3wna\",\"item\":\"https:\\\/\\\/przestrzenodnowa.pl\\\/sklep\\\/\"},{\"@type\":\"ListItem\",\"position\":2,\"name\":\"Sklep\",\"item\":\"https:\\\/\\\/przestrzenodnowa.pl\\\/sklep\\\/katalog\\\/\"},{\"@type\":\"ListItem\",\"position\":3,\"name\":\"Poduszka Przemys\u0142owa R\u00f3\u017cowa\"}]},{\"@type\":\"WebSite\",\"@id\":\"https:\\\/\\\/przestrzenodnowa.pl\\\/sklep\\\/#website\",\"url\":\"https:\\\/\\\/przestrzenodnowa.pl\\\/sklep\\\/\",\"name\":\"Przestrze\u0144 Od Nowa Sklep\",\"description\":\"\",\"publisher\":{\"@id\":\"https:\\\/\\\/przestrzenodnowa.pl\\\/sklep\\\/#organization\"},\"potentialAction\":[{\"@type\":\"SearchAction\",\"target\":{\"@type\":\"EntryPoint\",\"urlTemplate\":\"https:\\\/\\\/przestrzenodnowa.pl\\\/sklep\\\/?s={search_term_string}\"},\"query-input\":{\"@type\":\"PropertyValueSpecification\",\"valueRequired\":true,\"valueName\":\"search_term_string\"}}],\"inLanguage\":\"pl-PL\"},{\"@type\":\"Organization\",\"@id\":\"https:\\\/\\\/przestrzenodnowa.pl\\\/sklep\\\/#organization\",\"name\":\"Przestrze\u0144 Od Nowa Sklep\",\"url\":\"https:\\\/\\\/przestrzenodnowa.pl\\\/sklep\\\/\",\"logo\":{\"@type\":\"ImageObject\",\"inLanguage\":\"pl-PL\",\"@id\":\"https:\\\/\\\/przestrzenodnowa.pl\\\/sklep\\\/#\\\/schema\\\/logo\\\/image\\\/\",\"url\":\"https:\\\/\\\/przestrzenodnowa.pl\\\/sklep\\\/wp-content\\\/uploads\\\/sites\\\/2\\\/2025\\\/08\\\/logo-przestrzenodnowa-sklep.png\",\"contentUrl\":\"https:\\\/\\\/przestrzenodnowa.pl\\\/sklep\\\/wp-content\\\/uploads\\\/sites\\\/2\\\/2025\\\/08\\\/logo-przestrzenodnowa-sklep.png\",\"width\":703,\"height\":235,\"caption\":\"Przestrze\u0144 Od Nowa Sklep\"},\"image\":{\"@id\":\"https:\\\/\\\/przestrzenodnowa.pl\\\/sklep\\\/#\\\/schema\\\/logo\\\/image\\\/\"}}]}<\/script>","yoast_head_json":{"title":"Poduszka Przemys\u0142owa R\u00f3\u017cowa | Przestrze\u0144 Od Nowa Sklep","robots":{"index":"index","follow":"follow","max-snippet":"max-snippet:-1","max-image-preview":"max-image-preview:large","max-video-preview":"max-video-preview:-1"},"canonical":"https:\/\/przestrzenodnowa.pl\/sklep\/katalog\/rekawice-i-czysciki\/poduszka-przemyslowa-rozowa\/","og_locale":"pl_PL","og_type":"article","og_title":"Poduszka Przemys\u0142owa R\u00f3\u017cowa | Przestrze\u0144 Od Nowa Sklep","og_description":"Poduszka Przemys\u0142owa R\u00f3\u017cowa przeznaczona jest do czyszczenia na sucho.","og_url":"https:\/\/przestrzenodnowa.pl\/sklep\/katalog\/rekawice-i-czysciki\/poduszka-przemyslowa-rozowa\/","og_site_name":"Przestrze\u0144 Od Nowa Sklep","article_modified_time":"2025-11-25T10:16:34+00:00","og_image":[{"width":1000,"height":1000,"url":"https:\/\/przestrzenodnowa.pl\/sklep\/wp-content\/uploads\/sites\/2\/2025\/08\/172008620466866ebc7cc5e.jpg","type":"image\/jpeg"}],"schema":{"@context":"https:\/\/schema.org","@graph":[{"@type":"WebPage","@id":"https:\/\/przestrzenodnowa.pl\/sklep\/katalog\/rekawice-i-czysciki\/poduszka-przemyslowa-rozowa\/","url":"https:\/\/przestrzenodnowa.pl\/sklep\/katalog\/rekawice-i-czysciki\/poduszka-przemyslowa-rozowa\/","name":"Poduszka Przemys\u0142owa R\u00f3\u017cowa | Przestrze\u0144 Od Nowa Sklep","isPartOf":{"@id":"https:\/\/przestrzenodnowa.pl\/sklep\/#website"},"primaryImageOfPage":{"@id":"https:\/\/przestrzenodnowa.pl\/sklep\/katalog\/rekawice-i-czysciki\/poduszka-przemyslowa-rozowa\/#primaryimage"},"image":{"@id":"https:\/\/przestrzenodnowa.pl\/sklep\/katalog\/rekawice-i-czysciki\/poduszka-przemyslowa-rozowa\/#primaryimage"},"thumbnailUrl":"https:\/\/przestrzenodnowa.pl\/sklep\/wp-content\/uploads\/sites\/2\/2025\/08\/172008620466866ebc7cc5e.jpg","datePublished":"2025-08-26T11:08:38+00:00","dateModified":"2025-11-25T10:16:34+00:00","breadcrumb":{"@id":"https:\/\/przestrzenodnowa.pl\/sklep\/katalog\/rekawice-i-czysciki\/poduszka-przemyslowa-rozowa\/#breadcrumb"},"inLanguage":"pl-PL","potentialAction":[{"@type":"ReadAction","target":["https:\/\/przestrzenodnowa.pl\/sklep\/katalog\/rekawice-i-czysciki\/poduszka-przemyslowa-rozowa\/"]}]},{"@type":"ImageObject","inLanguage":"pl-PL","@id":"https:\/\/przestrzenodnowa.pl\/sklep\/katalog\/rekawice-i-czysciki\/poduszka-przemyslowa-rozowa\/#primaryimage","url":"https:\/\/przestrzenodnowa.pl\/sklep\/wp-content\/uploads\/sites\/2\/2025\/08\/172008620466866ebc7cc5e.jpg","contentUrl":"https:\/\/przestrzenodnowa.pl\/sklep\/wp-content\/uploads\/sites\/2\/2025\/08\/172008620466866ebc7cc5e.jpg","width":1000,"height":1000,"caption":"A rectangular, fluffy pink Poduszka Przemys\u0142owa R\u00f3\u017cowa with a soft, fuzzy texture and raised edges is shown on a white background."},{"@type":"BreadcrumbList","@id":"https:\/\/przestrzenodnowa.pl\/sklep\/katalog\/rekawice-i-czysciki\/poduszka-przemyslowa-rozowa\/#breadcrumb","itemListElement":[{"@type":"ListItem","position":1,"name":"Strona g\u0142\u00f3wna","item":"https:\/\/przestrzenodnowa.pl\/sklep\/"},{"@type":"ListItem","position":2,"name":"Sklep","item":"https:\/\/przestrzenodnowa.pl\/sklep\/katalog\/"},{"@type":"ListItem","position":3,"name":"Poduszka Przemys\u0142owa R\u00f3\u017cowa"}]},{"@type":"WebSite","@id":"https:\/\/przestrzenodnowa.pl\/sklep\/#website","url":"https:\/\/przestrzenodnowa.pl\/sklep\/","name":"Przestrze\u0144 Od Nowa Sklep","description":"","publisher":{"@id":"https:\/\/przestrzenodnowa.pl\/sklep\/#organization"},"potentialAction":[{"@type":"SearchAction","target":{"@type":"EntryPoint","urlTemplate":"https:\/\/przestrzenodnowa.pl\/sklep\/?s={search_term_string}"},"query-input":{"@type":"PropertyValueSpecification","valueRequired":true,"valueName":"search_term_string"}}],"inLanguage":"pl-PL"},{"@type":"Organization","@id":"https:\/\/przestrzenodnowa.pl\/sklep\/#organization","name":"Przestrze\u0144 Od Nowa Sklep","url":"https:\/\/przestrzenodnowa.pl\/sklep\/","logo":{"@type":"ImageObject","inLanguage":"pl-PL","@id":"https:\/\/przestrzenodnowa.pl\/sklep\/#\/schema\/logo\/image\/","url":"https:\/\/przestrzenodnowa.pl\/sklep\/wp-content\/uploads\/sites\/2\/2025\/08\/logo-przestrzenodnowa-sklep.png","contentUrl":"https:\/\/przestrzenodnowa.pl\/sklep\/wp-content\/uploads\/sites\/2\/2025\/08\/logo-przestrzenodnowa-sklep.png","width":703,"height":235,"caption":"Przestrze\u0144 Od Nowa Sklep"},"image":{"@id":"https:\/\/przestrzenodnowa.pl\/sklep\/#\/schema\/logo\/image\/"}}]}},"acf":[],"_links":{"self":[{"href":"https:\/\/przestrzenodnowa.pl\/sklep\/wp-json\/wp\/v2\/product\/1798","targetHints":{"allow":["GET"]}}],"collection":[{"href":"https:\/\/przestrzenodnowa.pl\/sklep\/wp-json\/wp\/v2\/product"}],"about":[{"href":"https:\/\/przestrzenodnowa.pl\/sklep\/wp-json\/wp\/v2\/types\/product"}],"replies":[{"embeddable":true,"href":"https:\/\/przestrzenodnowa.pl\/sklep\/wp-json\/wp\/v2\/comments?post=1798"}],"version-history":[{"count":2,"href":"https:\/\/przestrzenodnowa.pl\/sklep\/wp-json\/wp\/v2\/product\/1798\/revisions"}],"predecessor-version":[{"id":2421,"href":"https:\/\/przestrzenodnowa.pl\/sklep\/wp-json\/wp\/v2\/product\/1798\/revisions\/2421"}],"wp:featuredmedia":[{"embeddable":true,"href":"https:\/\/przestrzenodnowa.pl\/sklep\/wp-json\/wp\/v2\/media\/1799"}],"wp:attachment":[{"href":"https:\/\/przestrzenodnowa.pl\/sklep\/wp-json\/wp\/v2\/media?parent=1798"}],"wp:term":[{"taxonomy":"brand","embeddable":true,"href":"https:\/\/przestrzenodnowa.pl\/sklep\/wp-json\/wp\/v2\/etheme_brands?post=1798"},{"taxonomy":"product_brand","embeddable":true,"href":"https:\/\/przestrzenodnowa.pl\/sklep\/wp-json\/wp\/v2\/product_brand?post=1798"},{"taxonomy":"product_cat","embeddable":true,"href":"https:\/\/przestrzenodnowa.pl\/sklep\/wp-json\/wp\/v2\/product_cat?post=1798"},{"taxonomy":"product_tag","embeddable":true,"href":"https:\/\/przestrzenodnowa.pl\/sklep\/wp-json\/wp\/v2\/product_tag?post=1798"}],"curies":[{"name":"wp","href":"https:\/\/api.w.org\/{rel}","templated":true}]}}